{"id":200,"date":"2020-08-04T15:14:08","date_gmt":"2020-08-04T20:14:08","guid":{"rendered":"https:\/\/oficinavirtualcolombia.com\/page\/?page_id=200"},"modified":"2020-09-03T12:01:29","modified_gmt":"2020-09-03T17:01:29","slug":"portafolio-ferias-d","status":"publish","type":"page","link":"https:\/\/oficinavirtualcolombia.com\/page\/portafolio-ferias-d\/","title":{"rendered":"Portafolio Ferias"},"content":{"rendered":"\n<div class=\"wp-block-media-text alignwide is-stacked-on-mobile\"><figure class=\"wp-block-media-text__media\"><img loading=\"lazy\" decoding=\"async\" width=\"1024\" height=\"514\" src=\"https:\/\/oficinavirtualcolombia.com\/wp-content\/uploads\/2020\/08\/Tour4-1024x514.png\" alt=\"\" class=\"wp-image-222\" srcset=\"https:\/\/oficinavirtualcolombia.com\/wp-content\/uploads\/2020\/08\/Tour4-1024x514.png 1024w, https:\/\/oficinavirtualcolombia.com\/wp-content\/uploads\/2020\/08\/Tour4-300x150.png 300w, https:\/\/oficinavirtualcolombia.com\/wp-content\/uploads\/2020\/08\/Tour4-768x385.png 768w, https:\/\/oficinavirtualcolombia.com\/wp-content\/uploads\/2020\/08\/Tour4-1536x770.png 1536w, https:\/\/oficinavirtualcolombia.com\/wp-content\/uploads\/2020\/08\/Tour4-600x301.png 600w, https:\/\/oficinavirtualcolombia.com\/wp-content\/uploads\/2020\/08\/Tour4.png 1673w\" sizes=\"(max-width: 1024px) 100vw, 1024px\" \/><\/figure><div class=\"wp-block-media-text__content\">\n<p class=\"has-large-font-size\">El contenido de esta p\u00e1gina esta restringido por MURALIA. Si desea verlo visit\u00e9 <a href=\"https:\/\/muralia.co\">Muralia<\/a> y contacten\u00f3s. <\/p>\n<\/div><\/div>\n\n\n\t<!-- CSS Part Start From Here-->\r\n\t<style>\r\n\t\t\r\n\t\t.portfolio-wraper {\r\n\t\t\t\t\t\tmargin-bottom:20px;\r\n\t\t}\r\n\t\t\r\n\t\tli#all {\r\n\t\t\tmargin: 0;\r\n\t\t}\r\n\t\t\r\n\t\t.simplefilter li {\r\n\t\t\tmargin-top: 5px;\r\n\t\t}\r\n\t\t\r\n\t\t.filtr-search {\r\n\t\t\tmargin-top:10px !important;\r\n\t\t\twidth:200px !important;\r\n\t\t\tmargin-bottom: 20px;\r\n\t\t}\r\n\t\t#all-simplefilter {\r\n\t\t\tdisplay:inline;\r\n\t\t\tpadding-left: 0px !important;\r\n\t\t}\r\n\t\t#f-simplefilter {\r\n\t\t\tdisplay:inline;\r\n\t\t\tpadding-left: 0px !important;\r\n\t\t}\r\n\t\t\r\n\t\t@keyframes .YouTubePopUp-Content  {\r\n\t\t\tfrom {\r\n\t\t\t\ttransform: translate3d(0, 100%, 0);\r\n\t\t\t\tvisibility: visible;\r\n\t\t\t}\r\n\r\n\t\t\tto {\r\n\t\t\t\ttransform: translate3d(0, 0, 0);\r\n\t\t\t}\r\n\t\t}\r\n\r\n\t\t.YouTubePopUp-Content  {\r\n\t\t\tanimation-name: .YouTubePopUp-Content ;\r\n\t\t}\r\n\r\n\t\t.YouTubePopUp-Close { \r\n\t\t\tbackground:url(https:\/\/oficinavirtualcolombia.com\/wp-content\/plugins\/portfolio-filter-gallery\/\/img\/close-icon-white.png) no-repeat;\r\n\t\t\tbackground-size:50px 50px;\r\n\t\t\t-webkit-background-size:70px 50px;\r\n\t\t\t-moz-background-size:70px 50px;\r\n\t\t\t-o-background-size:70px 50px;\r\n\t\t}\r\n\t\tul.simplefilter {\r\n\t\t\tmargin-left: 0 !important;\r\n\t\t}\r\n\t\t\r\n\t\t#filter_gallery_204 .pfg_img_204 {\r\n\t\t\twidth: 100% !important;\r\n\t\t}\r\n\t\t\r\n\t\t#filter_gallery_204 .thumbnail_204 {\r\n\t\t\twidth:100% !important;\r\n\t\t\theight:auto;\r\n\t\t\tmargin-bottom: 0px !important;\r\n\t\t\t\r\n\t\t}\r\n\t\t.filtr-item {\r\n\t\t\tpadding-right:7px !important;\r\n\t\t\tpadding-left:7px !important;\r\n\t\t\tpadding-top:7px !important;\r\n\t\t\tpadding-bottom:7px !important;\r\n\t\t}\r\n\t\t\t\t\t\t.simplefilter_204 li {\r\n\t\t\tbackground-color: #ccc !important;\r\n\t\t\tcolor: #ffffff !important;\r\n\t\t}\r\n\t\t\r\n\t\t.simplefilter_204 li:hover {\r\n\t\t\tbackground-color: #656565 !important;\r\n\t\t}\r\n\t\t\r\n\t\t.simplefilter_204 li.active {\r\n\t\t\tbackground-color: #656565 !important;\r\n\t\t}\r\n\t\t\r\n\t\t\t<\/style>\r\n\t\t<div class=\"portfolio-wraper\">\r\n\t\t\t\t\r\n\t\t<!-- Shuffle & Sort Controls -->\r\n\t\t\t\t<div class=\"col-md-12 filter-wrap \">\r\n\t\t\t<input type=\"text\" class=\"filtr-controls-204 filtr-search filtr_search_204\" name=\"filtr-search\" placeholder=\"Search Images\" data-search><\/li>\r\n\t\t<\/div>\r\n\t\t\t\t\r\n\t\t<div class=\"row loading-wrapper text-center\">\r\n\t\t\t<img decoding=\"async\" src=\"https:\/\/oficinavirtualcolombia.com\/wp-content\/plugins\/portfolio-filter-gallery\/\/img\/loading-icon.gif\" width=\"60\">\r\n\t\t<\/div>\r\n\t\t<div class=\"filter_gallery_204 row filtr-container filters-div\" style=\"opacity:0\">\r\n\t\t\t\t\t\t\t\t\t\t<a href=\"https:\/\/www.youtube.com\/watch?v=DFc2WBhHqQ8\" title=\"Creamos videos en 3D o 2D\" target=\"_blank\">\r\n\t\t\t\t\t\t\t\t<div data-category=\"1\" data-sort=\"Creamos videos en 3D o 2D\" class=\"animateonload filtr-item filtr_item_204 single_one col-lg-6 col-md-6 col-sm-6 col-6\">\r\n\t\t\t\t\t\t\t\t\t<img decoding=\"async\" class=\" thumbnail  thumbnail_204 pfg-img pfg_img_204 img-responsive hvr-grow-shadow\" src=\"https:\/\/oficinavirtualcolombia.com\/wp-content\/uploads\/2020\/04\/poster-1024x576.png\" alt=\"\">\r\n\t\t\t\t\t\t\t\t\t\t\t\t\t\t\t\t\t\t\t\t\t\t\t\t\t\t\t<span class=\"item-desc item_desc_204\">Creamos videos en 3D o 2D<\/span>\r\n\t\t\t\t\t\t\t\t\t\t\t\t\t\t\t\t\t<\/div>\r\n\t\t\t\t\t\t\t<\/a>\r\n\t\t\t\t\t\t\t\t\t\t\t\t\t\t<a href=\"https:\/\/oficinavirtualcolombia.com\/page\/?page_id=223\" title=\"Recorridos Virtuales 360\u00b0 para Negocios o Eventos de presentaci\u00f3n de tu empresa\" target=\"_blank\">\r\n\t\t\t\t\t\t\t\t<div data-category=\"1\" data-sort=\"Recorridos Virtuales 360\u00b0 para Negocios o Eventos de presentaci\u00f3n de tu empresa\" class=\"animateonload filtr-item filtr_item_204 single_one col-lg-6 col-md-6 col-sm-6 col-6\">\r\n\t\t\t\t\t\t\t\t\t<img decoding=\"async\" class=\" thumbnail  thumbnail_204 pfg-img pfg_img_204 img-responsive hvr-grow-shadow\" src=\"https:\/\/oficinavirtualcolombia.com\/wp-content\/uploads\/2020\/08\/TOur3-1024x403.png\" alt=\"\">\r\n\t\t\t\t\t\t\t\t\t\t\t\t\t\t\t\t\t\t\t\t\t\t\t\t\t\t\t<span class=\"item-desc item_desc_204\">Recorridos Virtuales 360\u00b0 para Negocios o Eventos de presentaci\u00f3n de tu empresa<\/span>\r\n\t\t\t\t\t\t\t\t\t\t\t\t\t\t\t\t\t<\/div>\r\n\t\t\t\t\t\t\t<\/a>\r\n\t\t\t\t\t\t\t\t\t<\/div>\r\n\t<\/div>\r\n\r\n<script>\r\njQuery('#filter_gallery_204').hide();\r\njQuery('.loading-wrapper').show();\r\njQuery( window ).load(function() {\r\n\tjQuery('.filtr-item').addClass('animateonload');\r\n\tjQuery('#filter_gallery_204').show();\r\n\tjQuery('.loading-wrapper').hide();\r\n\t\r\n\tjQuery(\".loader_img\").hide();\r\n\tjQuery(\".lg_load_more\").show();\r\n\tjQuery(\".filtr-container\").css(\"opacity\", 1);\r\n\t\/\/Filterizd Default options\r\n\toptions = {\r\n\t\tanimationDuration: 0.5,\r\n\t\tcallbacks: {\r\n\t\t\tonFilteringStart: function() { },\r\n\t\t\tonFilteringEnd: function() { },\r\n\t\t\tonShufflingStart: function() { },\r\n\t\t\tonShufflingEnd: function() { },\r\n\t\t\tonSortingStart: function() { },\r\n\t\t\tonSortingEnd: function() { }\r\n\t\t},\r\n\t\tcontrolsSelector: '.filtr-controls-204',\r\n\t\tfilter: 'all',\r\n\t\t filterOutCss: {\r\n\t\t  top:'0px',\r\n\t\t\tleft:'0px',\r\n\t\t\topacity: 0.001,\r\n\t\t\ttransform: ''\r\n\t\t  },\r\n\t\t  filterInCss: {\r\n\t\t\t  top:'0px',\r\n\t\t\tleft:'0px',\r\n\t\t\topacity: 1,\r\n\t\t\ttransform: ''\r\n\t\t  },\r\n\t\tlayout: 'sameWidth',\r\n\t\tselector: '.filtr-item',\r\n\t\tsetupControls: false\r\n\t}\r\n\tvar filterizd = jQuery('.filter_gallery_204').filterizr(options);\r\n\t\/\/filterizd.filterizr('sort', 'domIndex', 'desc');\r\n\t\r\n\t\t\r\n\t\/\/bootstrap-lightbox-js\r\n\tjQuery(document).ready(function (jQuery) {\r\n\t\t\/\/ delegate calls to data-toggle=\"lightbox\"\r\n\t\tjQuery(document).delegate('*[data-toggle=\"lightbox\"]:not([data-gallery=\"navigateTo\"])', 'click', function(event) {\r\n\t\t\tevent.preventDefault();\r\n\t\t\treturn jQuery(this).ekkoLightbox({\r\n\t\t\t\tonShown: function() {\r\n\t\t\t\t\t\/* if (window.console) {\r\n\t\t\t\t\t\treturn console.log('Checking our the events huh?');\r\n\t\t\t\t\t} *\/\r\n\t\t\t\t},\r\n\t\t\t\tonNavigate: function(direction, itemIndex) {\r\n\t\t\t\t\tif (window.console) {\r\n\t\t\t\t\t\treturn console.log('Navigating '+direction+'. Current item: '+itemIndex);\r\n\t\t\t\t\t}\r\n\t\t\t\t}\r\n\t\t\t});\r\n\t\t});\r\n\r\n\t\t\/\/Programatically call\r\n\t\tjQuery('#open-image').click(function (e) {\r\n\t\t\te.preventDefault();\r\n\t\t\tjQuery(this).ekkoLightbox();\r\n\t\t});\r\n\t\tjQuery('#open-youtube').click(function (e) {\r\n\t\t\te.preventDefault();\r\n\t\t\tjQuery(this).ekkoLightbox();\r\n\t\t});\r\n\r\n\t\t\/\/ navigateTo\r\n\t\tjQuery(document).delegate('*[data-gallery=\"navigateTo\"]', 'click', function(event) {\r\n\t\t\tevent.preventDefault();\r\n\t\t\tvar lb;\r\n\t\t\treturn jQuery(this).ekkoLightbox({\r\n\t\t\t\tonShown: function() {\r\n\t\t\t\t\tlb = this;\r\n\t\t\t\t\tjQuery(lb.modal_content).on('click', '.modal-footer a', function(e) {\r\n\t\t\t\t\t\te.preventDefault();\r\n\t\t\t\t\t\tlb.navigateTo(2);\r\n\t\t\t\t\t});\r\n\t\t\t\t}\r\n\t\t\t});\r\n\t\t});\r\n\t});\r\n\r\n\t\/\/ video player\r\n\tjQuery(function(){\r\n      jQuery(\"a.video-box\").YouTubePopUp( { autoplay: 0 } ); \/\/ Disable autoplay\r\n\t});\r\n});   \r\n<\/script>\n\n\n\n<p><\/p>\n","protected":false},"excerpt":{"rendered":"<p>El contenido de esta p\u00e1gina esta restringido por MURALIA. Si desea verlo visit\u00e9 Muralia y contacten\u00f3s.<\/p>\n","protected":false},"author":1,"featured_media":0,"parent":0,"menu_order":0,"comment_status":"closed","ping_status":"closed","template":"","meta":{"ngg_post_thumbnail":0,"footnotes":""},"class_list":["post-200","page","type-page","status-publish","hentry"],"_links":{"self":[{"href":"https:\/\/oficinavirtualcolombia.com\/page\/wp-json\/wp\/v2\/pages\/200"}],"collection":[{"href":"https:\/\/oficinavirtualcolombia.com\/page\/wp-json\/wp\/v2\/pages"}],"about":[{"href":"https:\/\/oficinavirtualcolombia.com\/page\/wp-json\/wp\/v2\/types\/page"}],"author":[{"embeddable":true,"href":"https:\/\/oficinavirtualcolombia.com\/page\/wp-json\/wp\/v2\/users\/1"}],"replies":[{"embeddable":true,"href":"https:\/\/oficinavirtualcolombia.com\/page\/wp-json\/wp\/v2\/comments?post=200"}],"version-history":[{"count":4,"href":"https:\/\/oficinavirtualcolombia.com\/page\/wp-json\/wp\/v2\/pages\/200\/revisions"}],"predecessor-version":[{"id":344,"href":"https:\/\/oficinavirtualcolombia.com\/page\/wp-json\/wp\/v2\/pages\/200\/revisions\/344"}],"wp:attachment":[{"href":"https:\/\/oficinavirtualcolombia.com\/page\/wp-json\/wp\/v2\/media?parent=200"}],"curies":[{"name":"wp","href":"https:\/\/api.w.org\/{rel}","templated":true}]}}